{"id":1593,"date":"2020-07-16T15:56:48","date_gmt":"2020-07-16T15:56:48","guid":{"rendered":"https:\/\/southlandsimmo.com\/membership-login\/"},"modified":"2020-07-17T10:22:55","modified_gmt":"2020-07-17T10:22:55","slug":"membership-login","status":"publish","type":"page","link":"https:\/\/southlandsimmo.com\/fr\/membership-login\/","title":{"rendered":"Connectez-vous"},"content":{"rendered":"<div class=\"swpm-login-widget-form\">\n    <form id=\"swpm-login-form\" name=\"swpm-login-form\" method=\"post\" action=\"\" data-trp-original-action=\"\">\n        <div class=\"swpm-login-form-inner\">\n            <div class=\"swpm-username-label\">\n                <label for=\"swpm_user_name\" class=\"swpm-label\">Username or Email<\/label>\n            <\/div>\n            <div class=\"swpm-username-input\">\n                <input type=\"text\" class=\"swpm-text-field swpm-username-field\" id=\"swpm_user_name\" value=\"\" size=\"25\" name=\"swpm_user_name\" \/>\n            <\/div>\n            <div class=\"swpm-password-label\">\n                <label for=\"swpm_password\" class=\"swpm-label\">Mot de Passe<\/label>\n            <\/div>\n            <div class=\"swpm-password-input\">                \n                <input type=\"password\" class=\"swpm-text-field swpm-password-field\" id=\"swpm_password\" value=\"\" size=\"25\" name=\"swpm_password\" \/>                \n            <\/div>\n                        <div class=\"swpm-remember-me\">\n                <span class=\"swpm-remember-checkbox\"><input type=\"checkbox\" name=\"rememberme\" id=\"swpm-rememberme\"><\/span>\n                <label for=\"swpm-rememberme\" class=\"swpm-rememberme-label\">\n                    <span class=\"swpm-rember-label\"> Se souvenir de moi<\/span>\n                <\/label>\n            <\/div>\n\n            <div class=\"swpm-before-login-submit-section\"><\/div>\n\n            <div class=\"swpm-login-submit\">\n                <input type=\"submit\" class=\"swpm-login-form-submit\" name=\"swpm-login\" value=\"Log In\"\/>\n            <\/div>\n            <div class=\"swpm-forgot-pass-link\">\n                <a id=\"forgot_pass\" class=\"swpm-login-form-pw-reset-link\"  href=\"https:\/\/southlandsimmo.com\/fr\/membership-login\/password-reset\/\">Mot de passe oubli\u00e9<\/a>\n            <\/div>\n            <div class=\"swpm-join-us-link\">\n                <a id=\"register\" class=\"swpm-login-form-register-link\" href=\"https:\/\/southlandsimmo.com\/fr\/membership-join\/\">Nous Rejoindre<\/a>\n            <\/div>\n            <div class=\"swpm-login-action-msg\">\n                <span class=\"swpm-login-widget-action-msg\"><\/span>\n            <\/div>\n        <\/div>\n    <input type=\"hidden\" name=\"trp-form-language\" value=\"fr\"\/><\/form>\n<\/div>\n\n<p><\/p>\n\n\n<p class=\"has-text-align-justify\"><span class=\"has-inline-color has-vivid-cyan-blue-color\"><strong><span style=\"text-decoration: underline;\">AVERTISSEMENT<\/span>:<\/strong> Il n'y a aucune attente de confidentialit\u00e9 lors de l'acc\u00e8s ou de l'utilisation de ce syst\u00e8me. Ce syst\u00e8me est la propri\u00e9t\u00e9 de Southlands Immobilier Inc et doit \u00eatre consult\u00e9 ou utilis\u00e9 par les employ\u00e9s de l'entreprise et les parties prenantes uniquement \u00e0 des fins officielles de l'entreprise. L'acc\u00e8s ou l'utilisation non autoris\u00e9s de ce syst\u00e8me est interdit et constitue une infraction aux lois applicables. <strong>SI VOUS N'\u00caTES PAS AUTORIS\u00c9 \u00c0 ACC\u00c9DER OU \u00c0 UTILISER CE SYST\u00c8ME, METTEZ FIN \u00c0 CETTE SESSION IMM\u00c9DIATEMENT.<\/strong> Tous ceux qui acc\u00e8dent ou utilisent ce syst\u00e8me sont soumis \u00e0 la surveillance et \u00e0 l'enregistrement de leurs activit\u00e9s. Tout abus ou activit\u00e9 criminelle peut \u00eatre d\u00e9f\u00e9r\u00e9 aux forces de l'ordre ou \u00e0 d'autres autorit\u00e9s comp\u00e9tentes. <strong>EN ACC\u00c9DANT OU EN UTILISANT CE SYST\u00c8ME, VOUS PRENEZ AVIS ET ACCEPTEZ TOUTES LES CONDITIONS \u00c9NONC\u00c9ES CI-DESSUS.<\/strong><\/span><\/p>","protected":false},"excerpt":{"rendered":"<p>WARNING: There is no expectation of privacy when accessing or using this system. This system is proprietary to Southlands Leaseholds Inc and is to be accessed or used by company &#8230;<\/p>","protected":false},"author":1,"featured_media":0,"parent":0,"menu_order":0,"comment_status":"closed","ping_status":"closed","template":"","meta":{"footnotes":""},"class_list":["post-1593","page","type-page","status-publish","hentry"],"yoast_head":"<!-- This site is optimized with the Yoast SEO plugin v24.9 - https:\/\/yoast.com\/wordpress\/plugins\/seo\/ -->\n<title>Stakeholder Login - Southlands Immobilier Inc \/ Southlands Leaseholds Inc<\/title>\n<meta name=\"description\" content=\"Southlands Immobilier Inc \/ Southlands Leaseholds Inc Southlands is a boutique Vancouver Canada real estate company with international reach and a niche strategy. We advise on, manage and invest in real property interests.\" \/>\n<meta name=\"robots\" content=\"index, follow, max-snippet:-1, max-image-preview:large, max-video-preview:-1\" \/>\n<link rel=\"canonical\" href=\"https:\/\/southlandsimmo.com\/fr\/membership-login\/\" \/>\n<meta property=\"og:locale\" content=\"fr_FR\" \/>\n<meta property=\"og:type\" content=\"article\" \/>\n<meta property=\"og:title\" content=\"Stakeholder Login - Southlands Immobilier Inc \/ Southlands Leaseholds Inc\" \/>\n<meta property=\"og:description\" content=\"Southlands Immobilier Inc \/ Southlands Leaseholds Inc Southlands is a boutique Vancouver Canada real estate company with international reach and a niche strategy. We advise on, manage and invest in real property interests.\" \/>\n<meta property=\"og:url\" content=\"https:\/\/southlandsimmo.com\/fr\/membership-login\/\" \/>\n<meta property=\"og:site_name\" content=\"Southlands Immobilier Inc \/ Southlands Leaseholds Inc\" \/>\n<meta property=\"article:modified_time\" content=\"2020-07-17T10:22:55+00:00\" \/>\n<meta name=\"twitter:card\" content=\"summary_large_image\" \/>\n<meta name=\"twitter:label1\" content=\"Dur\u00e9e de lecture estim\u00e9e\" \/>\n\t<meta name=\"twitter:data1\" content=\"1 minute\" \/>\n<script type=\"application\/ld+json\" class=\"yoast-schema-graph\">{\"@context\":\"https:\/\/schema.org\",\"@graph\":[{\"@type\":\"WebPage\",\"@id\":\"https:\/\/southlandsimmo.com\/membership-login\/\",\"url\":\"https:\/\/southlandsimmo.com\/membership-login\/\",\"name\":\"Stakeholder Login - Southlands Immobilier Inc \/ Southlands Leaseholds Inc\",\"isPartOf\":{\"@id\":\"https:\/\/southlandsimmo.com\/#website\"},\"datePublished\":\"2020-07-16T15:56:48+00:00\",\"dateModified\":\"2020-07-17T10:22:55+00:00\",\"description\":\"Southlands Immobilier Inc \/ Southlands Leaseholds Inc Southlands is a boutique Vancouver Canada real estate company with international reach and a niche strategy. We advise on, manage and invest in real property interests.\",\"breadcrumb\":{\"@id\":\"https:\/\/southlandsimmo.com\/membership-login\/#breadcrumb\"},\"inLanguage\":\"fr-FR\",\"potentialAction\":[{\"@type\":\"ReadAction\",\"target\":[\"https:\/\/southlandsimmo.com\/membership-login\/\"]}]},{\"@type\":\"BreadcrumbList\",\"@id\":\"https:\/\/southlandsimmo.com\/membership-login\/#breadcrumb\",\"itemListElement\":[{\"@type\":\"ListItem\",\"position\":1,\"name\":\"Home\",\"item\":\"https:\/\/southlandsimmo.com\/\"},{\"@type\":\"ListItem\",\"position\":2,\"name\":\"Stakeholder Login\"}]},{\"@type\":\"WebSite\",\"@id\":\"https:\/\/southlandsimmo.com\/#website\",\"url\":\"https:\/\/southlandsimmo.com\/\",\"name\":\"Southlands Immobilier Inc \/ Southlands Leaseholds Inc\",\"description\":\"A boutique real estate company with international reach and a niche strategy.\",\"publisher\":{\"@id\":\"https:\/\/southlandsimmo.com\/#organization\"},\"potentialAction\":[{\"@type\":\"SearchAction\",\"target\":{\"@type\":\"EntryPoint\",\"urlTemplate\":\"https:\/\/southlandsimmo.com\/?s={search_term_string}\"},\"query-input\":{\"@type\":\"PropertyValueSpecification\",\"valueRequired\":true,\"valueName\":\"search_term_string\"}}],\"inLanguage\":\"fr-FR\"},{\"@type\":\"Organization\",\"@id\":\"https:\/\/southlandsimmo.com\/#organization\",\"name\":\"Southlands Immobilier Inc \/ Southlands Leaseholds Inc\",\"url\":\"https:\/\/southlandsimmo.com\/\",\"logo\":{\"@type\":\"ImageObject\",\"inLanguage\":\"fr-FR\",\"@id\":\"https:\/\/southlandsimmo.com\/#\/schema\/logo\/image\/\",\"url\":\"https:\/\/southlandsimmo.com\/wp-content\/uploads\/2020\/07\/SLI-site-logo-1.png\",\"contentUrl\":\"https:\/\/southlandsimmo.com\/wp-content\/uploads\/2020\/07\/SLI-site-logo-1.png\",\"width\":243,\"height\":48,\"caption\":\"Southlands Immobilier Inc \/ Southlands Leaseholds Inc\"},\"image\":{\"@id\":\"https:\/\/southlandsimmo.com\/#\/schema\/logo\/image\/\"}}]}<\/script>\n<!-- \/ Yoast SEO plugin. -->","yoast_head_json":{"title":"Stakeholder Login - Southlands Immobilier Inc \/ Southlands Leaseholds Inc","description":"Southlands Immobilier Inc \/ Southlands Leaseholds Inc Southlands is a boutique Vancouver Canada real estate company with international reach and a niche strategy. We advise on, manage and invest in real property interests.","robots":{"index":"index","follow":"follow","max-snippet":"max-snippet:-1","max-image-preview":"max-image-preview:large","max-video-preview":"max-video-preview:-1"},"canonical":"https:\/\/southlandsimmo.com\/fr\/membership-login\/","og_locale":"fr_FR","og_type":"article","og_title":"Stakeholder Login - Southlands Immobilier Inc \/ Southlands Leaseholds Inc","og_description":"Southlands Immobilier Inc \/ Southlands Leaseholds Inc Southlands is a boutique Vancouver Canada real estate company with international reach and a niche strategy. We advise on, manage and invest in real property interests.","og_url":"https:\/\/southlandsimmo.com\/fr\/membership-login\/","og_site_name":"Southlands Immobilier Inc \/ Southlands Leaseholds Inc","article_modified_time":"2020-07-17T10:22:55+00:00","twitter_card":"summary_large_image","twitter_misc":{"Dur\u00e9e de lecture estim\u00e9e":"1 minute"},"schema":{"@context":"https:\/\/schema.org","@graph":[{"@type":"WebPage","@id":"https:\/\/southlandsimmo.com\/membership-login\/","url":"https:\/\/southlandsimmo.com\/membership-login\/","name":"Stakeholder Login - Southlands Immobilier Inc \/ Southlands Leaseholds Inc","isPartOf":{"@id":"https:\/\/southlandsimmo.com\/#website"},"datePublished":"2020-07-16T15:56:48+00:00","dateModified":"2020-07-17T10:22:55+00:00","description":"Southlands Immobilier Inc \/ Southlands Leaseholds Inc Southlands is a boutique Vancouver Canada real estate company with international reach and a niche strategy. We advise on, manage and invest in real property interests.","breadcrumb":{"@id":"https:\/\/southlandsimmo.com\/membership-login\/#breadcrumb"},"inLanguage":"fr-FR","potentialAction":[{"@type":"ReadAction","target":["https:\/\/southlandsimmo.com\/membership-login\/"]}]},{"@type":"BreadcrumbList","@id":"https:\/\/southlandsimmo.com\/membership-login\/#breadcrumb","itemListElement":[{"@type":"ListItem","position":1,"name":"Home","item":"https:\/\/southlandsimmo.com\/"},{"@type":"ListItem","position":2,"name":"Stakeholder Login"}]},{"@type":"WebSite","@id":"https:\/\/southlandsimmo.com\/#website","url":"https:\/\/southlandsimmo.com\/","name":"Southlands Immobilier Inc \/ Southlands Leaseholds Inc","description":"A boutique real estate company with international reach and a niche strategy.","publisher":{"@id":"https:\/\/southlandsimmo.com\/#organization"},"potentialAction":[{"@type":"SearchAction","target":{"@type":"EntryPoint","urlTemplate":"https:\/\/southlandsimmo.com\/?s={search_term_string}"},"query-input":{"@type":"PropertyValueSpecification","valueRequired":true,"valueName":"search_term_string"}}],"inLanguage":"fr-FR"},{"@type":"Organization","@id":"https:\/\/southlandsimmo.com\/#organization","name":"Southlands Immobilier Inc \/ Southlands Leaseholds Inc","url":"https:\/\/southlandsimmo.com\/","logo":{"@type":"ImageObject","inLanguage":"fr-FR","@id":"https:\/\/southlandsimmo.com\/#\/schema\/logo\/image\/","url":"https:\/\/southlandsimmo.com\/wp-content\/uploads\/2020\/07\/SLI-site-logo-1.png","contentUrl":"https:\/\/southlandsimmo.com\/wp-content\/uploads\/2020\/07\/SLI-site-logo-1.png","width":243,"height":48,"caption":"Southlands Immobilier Inc \/ Southlands Leaseholds Inc"},"image":{"@id":"https:\/\/southlandsimmo.com\/#\/schema\/logo\/image\/"}}]}},"jetpack_sharing_enabled":true,"_links":{"self":[{"href":"https:\/\/southlandsimmo.com\/fr\/wp-json\/wp\/v2\/pages\/1593","targetHints":{"allow":["GET"]}}],"collection":[{"href":"https:\/\/southlandsimmo.com\/fr\/wp-json\/wp\/v2\/pages"}],"about":[{"href":"https:\/\/southlandsimmo.com\/fr\/wp-json\/wp\/v2\/types\/page"}],"author":[{"embeddable":true,"href":"https:\/\/southlandsimmo.com\/fr\/wp-json\/wp\/v2\/users\/1"}],"replies":[{"embeddable":true,"href":"https:\/\/southlandsimmo.com\/fr\/wp-json\/wp\/v2\/comments?post=1593"}],"version-history":[{"count":14,"href":"https:\/\/southlandsimmo.com\/fr\/wp-json\/wp\/v2\/pages\/1593\/revisions"}],"predecessor-version":[{"id":1621,"href":"https:\/\/southlandsimmo.com\/fr\/wp-json\/wp\/v2\/pages\/1593\/revisions\/1621"}],"wp:attachment":[{"href":"https:\/\/southlandsimmo.com\/fr\/wp-json\/wp\/v2\/media?parent=1593"}],"curies":[{"name":"wp","href":"https:\/\/api.w.org\/{rel}","templated":true}]}}