{"id":1591,"date":"2020-07-16T15:56:48","date_gmt":"2020-07-16T15:56:48","guid":{"rendered":"https:\/\/southlandsimmo.com\/membership-join\/"},"modified":"2020-07-24T08:03:06","modified_gmt":"2020-07-24T08:03:06","slug":"membership-join","status":"publish","type":"page","link":"https:\/\/southlandsimmo.com\/fr\/membership-join\/","title":{"rendered":"Vous abonner"},"content":{"rendered":"<p><span style=\"color: #3366ff;\">L'acc\u00e8s et l'utilisation de ce syst\u00e8me sont limit\u00e9s aux employ\u00e9s de Southlands Immobilier Inc et aux autres parties prenantes. Si vous avez besoin d'acc\u00e9der ou d'utiliser ce syst\u00e8me, veuillez \u00abnous contacter\u00bb pour demander des informations d'identification. <\/span><\/p>\n<hr \/>\n<p><strong><span style=\"color: #3366ff;\">SI VOUS N'\u00caTES PAS AUTORIS\u00c9 \u00c0 ACC\u00c9DER OU \u00c0 UTILISER CE SYST\u00c8ME, METTEZ FIN \u00c0 CETTE SESSION IMM\u00c9DIATEMENT.<\/span><\/strong><\/p>","protected":false},"excerpt":{"rendered":"<p>Access and use of this system is restricted to Southlands Leasehold Inc employees and other stakeholders. If you require access or use of this system please &#8220;contact us&#8221; to request &#8230;<\/p>","protected":false},"author":1,"featured_media":0,"parent":0,"menu_order":0,"comment_status":"closed","ping_status":"closed","template":"","meta":{"footnotes":""},"class_list":["post-1591","page","type-page","status-publish","hentry"],"yoast_head":"<!-- This site is optimized with the Yoast SEO plugin v24.9 - https:\/\/yoast.com\/wordpress\/plugins\/seo\/ -->\n<title>Join Us - Southlands Immobilier Inc \/ Southlands Leaseholds Inc<\/title>\n<meta name=\"description\" content=\"Southlands Immobilier Inc \/ Southlands Leaseholds Inc Southlands is a boutique Vancouver Canada real estate company with international reach and a niche strategy. We advise on, manage and invest in real property interests.\" \/>\n<meta name=\"robots\" content=\"index, follow, max-snippet:-1, max-image-preview:large, max-video-preview:-1\" \/>\n<link rel=\"canonical\" href=\"https:\/\/southlandsimmo.com\/fr\/membership-join\/\" \/>\n<meta property=\"og:locale\" content=\"fr_FR\" \/>\n<meta property=\"og:type\" content=\"article\" \/>\n<meta property=\"og:title\" content=\"Join Us - Southlands Immobilier Inc \/ Southlands Leaseholds Inc\" \/>\n<meta property=\"og:description\" content=\"Southlands Immobilier Inc \/ Southlands Leaseholds Inc Southlands is a boutique Vancouver Canada real estate company with international reach and a niche strategy. We advise on, manage and invest in real property interests.\" \/>\n<meta property=\"og:url\" content=\"https:\/\/southlandsimmo.com\/fr\/membership-join\/\" \/>\n<meta property=\"og:site_name\" content=\"Southlands Immobilier Inc \/ Southlands Leaseholds Inc\" \/>\n<meta property=\"article:modified_time\" content=\"2020-07-24T08:03:06+00:00\" \/>\n<meta name=\"twitter:card\" content=\"summary_large_image\" \/>\n<script type=\"application\/ld+json\" class=\"yoast-schema-graph\">{\"@context\":\"https:\/\/schema.org\",\"@graph\":[{\"@type\":\"WebPage\",\"@id\":\"https:\/\/southlandsimmo.com\/fr\/membership-join\/\",\"url\":\"https:\/\/southlandsimmo.com\/fr\/membership-join\/\",\"name\":\"Join Us - Southlands Immobilier Inc \/ Southlands Leaseholds Inc\",\"isPartOf\":{\"@id\":\"https:\/\/southlandsimmo.com\/#website\"},\"datePublished\":\"2020-07-16T15:56:48+00:00\",\"dateModified\":\"2020-07-24T08:03:06+00:00\",\"description\":\"Southlands Immobilier Inc \/ Southlands Leaseholds Inc Southlands is a boutique Vancouver Canada real estate company with international reach and a niche strategy. We advise on, manage and invest in real property interests.\",\"breadcrumb\":{\"@id\":\"https:\/\/southlandsimmo.com\/fr\/membership-join\/#breadcrumb\"},\"inLanguage\":\"fr-FR\",\"potentialAction\":[{\"@type\":\"ReadAction\",\"target\":[\"https:\/\/southlandsimmo.com\/fr\/membership-join\/\"]}]},{\"@type\":\"BreadcrumbList\",\"@id\":\"https:\/\/southlandsimmo.com\/fr\/membership-join\/#breadcrumb\",\"itemListElement\":[{\"@type\":\"ListItem\",\"position\":1,\"name\":\"Home\",\"item\":\"https:\/\/southlandsimmo.com\/\"},{\"@type\":\"ListItem\",\"position\":2,\"name\":\"Join Us\"}]},{\"@type\":\"WebSite\",\"@id\":\"https:\/\/southlandsimmo.com\/#website\",\"url\":\"https:\/\/southlandsimmo.com\/\",\"name\":\"Southlands Immobilier Inc \/ Southlands Leaseholds Inc\",\"description\":\"A boutique real estate company with international reach and a niche strategy.\",\"publisher\":{\"@id\":\"https:\/\/southlandsimmo.com\/#organization\"},\"potentialAction\":[{\"@type\":\"SearchAction\",\"target\":{\"@type\":\"EntryPoint\",\"urlTemplate\":\"https:\/\/southlandsimmo.com\/?s={search_term_string}\"},\"query-input\":{\"@type\":\"PropertyValueSpecification\",\"valueRequired\":true,\"valueName\":\"search_term_string\"}}],\"inLanguage\":\"fr-FR\"},{\"@type\":\"Organization\",\"@id\":\"https:\/\/southlandsimmo.com\/#organization\",\"name\":\"Southlands Immobilier Inc \/ Southlands Leaseholds Inc\",\"url\":\"https:\/\/southlandsimmo.com\/\",\"logo\":{\"@type\":\"ImageObject\",\"inLanguage\":\"fr-FR\",\"@id\":\"https:\/\/southlandsimmo.com\/#\/schema\/logo\/image\/\",\"url\":\"https:\/\/southlandsimmo.com\/wp-content\/uploads\/2020\/07\/SLI-site-logo-1.png\",\"contentUrl\":\"https:\/\/southlandsimmo.com\/wp-content\/uploads\/2020\/07\/SLI-site-logo-1.png\",\"width\":243,\"height\":48,\"caption\":\"Southlands Immobilier Inc \/ Southlands Leaseholds Inc\"},\"image\":{\"@id\":\"https:\/\/southlandsimmo.com\/#\/schema\/logo\/image\/\"}}]}<\/script>\n<!-- \/ Yoast SEO plugin. -->","yoast_head_json":{"title":"Join Us - Southlands Immobilier Inc \/ Southlands Leaseholds Inc","description":"Southlands Immobilier Inc \/ Southlands Leaseholds Inc Southlands is a boutique Vancouver Canada real estate company with international reach and a niche strategy. We advise on, manage and invest in real property interests.","robots":{"index":"index","follow":"follow","max-snippet":"max-snippet:-1","max-image-preview":"max-image-preview:large","max-video-preview":"max-video-preview:-1"},"canonical":"https:\/\/southlandsimmo.com\/fr\/membership-join\/","og_locale":"fr_FR","og_type":"article","og_title":"Join Us - Southlands Immobilier Inc \/ Southlands Leaseholds Inc","og_description":"Southlands Immobilier Inc \/ Southlands Leaseholds Inc Southlands is a boutique Vancouver Canada real estate company with international reach and a niche strategy. We advise on, manage and invest in real property interests.","og_url":"https:\/\/southlandsimmo.com\/fr\/membership-join\/","og_site_name":"Southlands Immobilier Inc \/ Southlands Leaseholds Inc","article_modified_time":"2020-07-24T08:03:06+00:00","twitter_card":"summary_large_image","schema":{"@context":"https:\/\/schema.org","@graph":[{"@type":"WebPage","@id":"https:\/\/southlandsimmo.com\/fr\/membership-join\/","url":"https:\/\/southlandsimmo.com\/fr\/membership-join\/","name":"Join Us - Southlands Immobilier Inc \/ Southlands Leaseholds Inc","isPartOf":{"@id":"https:\/\/southlandsimmo.com\/#website"},"datePublished":"2020-07-16T15:56:48+00:00","dateModified":"2020-07-24T08:03:06+00:00","description":"Southlands Immobilier Inc \/ Southlands Leaseholds Inc Southlands is a boutique Vancouver Canada real estate company with international reach and a niche strategy. We advise on, manage and invest in real property interests.","breadcrumb":{"@id":"https:\/\/southlandsimmo.com\/fr\/membership-join\/#breadcrumb"},"inLanguage":"fr-FR","potentialAction":[{"@type":"ReadAction","target":["https:\/\/southlandsimmo.com\/fr\/membership-join\/"]}]},{"@type":"BreadcrumbList","@id":"https:\/\/southlandsimmo.com\/fr\/membership-join\/#breadcrumb","itemListElement":[{"@type":"ListItem","position":1,"name":"Home","item":"https:\/\/southlandsimmo.com\/"},{"@type":"ListItem","position":2,"name":"Join Us"}]},{"@type":"WebSite","@id":"https:\/\/southlandsimmo.com\/#website","url":"https:\/\/southlandsimmo.com\/","name":"Southlands Immobilier Inc \/ Southlands Leaseholds Inc","description":"A boutique real estate company with international reach and a niche strategy.","publisher":{"@id":"https:\/\/southlandsimmo.com\/#organization"},"potentialAction":[{"@type":"SearchAction","target":{"@type":"EntryPoint","urlTemplate":"https:\/\/southlandsimmo.com\/?s={search_term_string}"},"query-input":{"@type":"PropertyValueSpecification","valueRequired":true,"valueName":"search_term_string"}}],"inLanguage":"fr-FR"},{"@type":"Organization","@id":"https:\/\/southlandsimmo.com\/#organization","name":"Southlands Immobilier Inc \/ Southlands Leaseholds Inc","url":"https:\/\/southlandsimmo.com\/","logo":{"@type":"ImageObject","inLanguage":"fr-FR","@id":"https:\/\/southlandsimmo.com\/#\/schema\/logo\/image\/","url":"https:\/\/southlandsimmo.com\/wp-content\/uploads\/2020\/07\/SLI-site-logo-1.png","contentUrl":"https:\/\/southlandsimmo.com\/wp-content\/uploads\/2020\/07\/SLI-site-logo-1.png","width":243,"height":48,"caption":"Southlands Immobilier Inc \/ Southlands Leaseholds Inc"},"image":{"@id":"https:\/\/southlandsimmo.com\/#\/schema\/logo\/image\/"}}]}},"jetpack_sharing_enabled":true,"_links":{"self":[{"href":"https:\/\/southlandsimmo.com\/fr\/wp-json\/wp\/v2\/pages\/1591","targetHints":{"allow":["GET"]}}],"collection":[{"href":"https:\/\/southlandsimmo.com\/fr\/wp-json\/wp\/v2\/pages"}],"about":[{"href":"https:\/\/southlandsimmo.com\/fr\/wp-json\/wp\/v2\/types\/page"}],"author":[{"embeddable":true,"href":"https:\/\/southlandsimmo.com\/fr\/wp-json\/wp\/v2\/users\/1"}],"replies":[{"embeddable":true,"href":"https:\/\/southlandsimmo.com\/fr\/wp-json\/wp\/v2\/comments?post=1591"}],"version-history":[{"count":6,"href":"https:\/\/southlandsimmo.com\/fr\/wp-json\/wp\/v2\/pages\/1591\/revisions"}],"predecessor-version":[{"id":1678,"href":"https:\/\/southlandsimmo.com\/fr\/wp-json\/wp\/v2\/pages\/1591\/revisions\/1678"}],"wp:attachment":[{"href":"https:\/\/southlandsimmo.com\/fr\/wp-json\/wp\/v2\/media?parent=1591"}],"curies":[{"name":"wp","href":"https:\/\/api.w.org\/{rel}","templated":true}]}}